{"id":383,"date":"2026-03-18T17:03:03","date_gmt":"2026-03-18T16:03:03","guid":{"rendered":"https:\/\/amicale.ch-perrens.fr\/?post_type=product&#038;p=383"},"modified":"2026-03-18T17:03:03","modified_gmt":"2026-03-18T16:03:03","slug":"canape-habitat-3-places-assise-profonde","status":"publish","type":"product","link":"https:\/\/amicale.ch-perrens.fr\/?product=canape-habitat-3-places-assise-profonde","title":{"rendered":"Canap\u00e9 Habitat 3 places assise profonde"},"content":{"rendered":"","protected":false},"excerpt":{"rendered":"<div><\/div>\n<div><\/div>\n<div><span data-ogsc=\"rgb(21, 34, 51)\" data-ogsb=\"rgb(255, 255, 255)\" data-olk-copy-source=\"MessageBody\">Canap\u00e9 3 places, mod\u00e8le Harold de Habitat en excellent \u00e9tat.\u00a0<\/span><\/div>\n<div><span data-ogsc=\"rgb(21, 34, 51)\" data-ogsb=\"rgb(255, 255, 255)\">Tissu haut de gamme, marque Habitat, moins de 2 ans, couleur gris bleu fonc\u00e9.<\/span><\/div>\n<div><span data-ogsc=\"rgb(21, 34, 51)\" data-ogsb=\"rgb(255, 255, 255)\">\u00a0Coussins nickels, sans tache, tr\u00e8s confortables, \u00e9tat comme neuf. Assise profonde et dossier inclin\u00e9.<\/span><\/div>\n<div><span data-ogsc=\"rgb(21, 34, 51)\" data-ogsb=\"rgb(255, 255, 255)\">\u00a0<\/span><\/div>\n<div><span data-ogsc=\"rgb(21, 34, 51)\" data-ogsb=\"rgb(255, 255, 255)\">Peut servir de couchage d\u2019appoint pour une personne.\u00a0<\/span><\/div>\n<div><span data-ogsc=\"rgb(21, 34, 51)\" data-ogsb=\"rgb(255, 255, 255)\">\u00a0<\/span><\/div>\n<div><span data-ogsc=\"rgb(21, 34, 51)\" data-ogsb=\"rgb(255, 255, 255)\">Dimensions :\u00a0<\/span><\/div>\n<div><span data-ogsc=\"rgb(21, 34, 51)\" data-ogsb=\"rgb(255, 255, 255)\">\u2022 Longueur : 239 cm\u00a0<\/span><\/div>\n<div><span data-ogsc=\"rgb(21, 34, 51)\" data-ogsb=\"rgb(255, 255, 255)\">\u2022<\/span><span data-ogsc=\"rgb(21, 34, 51)\" data-ogsb=\"rgb(255, 255, 255)\">\u00a0Profondeur : 127 cm\u00a0<\/span><\/div>\n<div><span data-ogsc=\"rgb(21, 34, 51)\" data-ogsb=\"rgb(255, 255, 255)\">\u2022 Hauteur : 78 cm\u00a0<\/span><\/div>\n<div><span data-ogsc=\"rgb(21, 34, 51)\" data-ogsb=\"rgb(255, 255, 255)\">\u2022 Profondeur d\u2019assise : 85 cm avec coussins\u00a0<\/span><\/div>\n<div><span data-ogsc=\"rgb(21, 34, 51)\" data-ogsb=\"rgb(255, 255, 255)\">Valeur neuf : 2400 \u20ac, vendu <strong>500\u20ac<\/strong><\/span><\/div>\n<div><span data-ogsc=\"rgb(21, 34, 51)\" data-ogsb=\"rgb(255, 255, 255)\">Se s\u00e9pare en 2 pi\u00e8ces de 1m20 pour un chargement plus facile.<\/span><\/div>\n<div><strong>Visible \u00e0 l Amicale du personnel.\u00a0<\/strong><\/div>\n<div><\/div>\n","protected":false},"featured_media":379,"template":"","meta":[],"product_brand":[],"product_cat":[32],"product_tag":[],"class_list":{"0":"post-383","1":"product","2":"type-product","3":"status-publish","4":"has-post-thumbnail","6":"product_cat-petites-annonces","8":"first","9":"instock","10":"shipping-taxable","11":"purchasable","12":"product-type-simple"},"_links":{"self":[{"href":"https:\/\/amicale.ch-perrens.fr\/index.php?rest_route=\/wp\/v2\/product\/383","targetHints":{"allow":["GET"]}}],"collection":[{"href":"https:\/\/amicale.ch-perrens.fr\/index.php?rest_route=\/wp\/v2\/product"}],"about":[{"href":"https:\/\/amicale.ch-perrens.fr\/index.php?rest_route=\/wp\/v2\/types\/product"}],"wp:featuredmedia":[{"embeddable":true,"href":"https:\/\/amicale.ch-perrens.fr\/index.php?rest_route=\/wp\/v2\/media\/379"}],"wp:attachment":[{"href":"https:\/\/amicale.ch-perrens.fr\/index.php?rest_route=%2Fwp%2Fv2%2Fmedia&parent=383"}],"wp:term":[{"taxonomy":"product_brand","embeddable":true,"href":"https:\/\/amicale.ch-perrens.fr\/index.php?rest_route=%2Fwp%2Fv2%2Fproduct_brand&post=383"},{"taxonomy":"product_cat","embeddable":true,"href":"https:\/\/amicale.ch-perrens.fr\/index.php?rest_route=%2Fwp%2Fv2%2Fproduct_cat&post=383"},{"taxonomy":"product_tag","embeddable":true,"href":"https:\/\/amicale.ch-perrens.fr\/index.php?rest_route=%2Fwp%2Fv2%2Fproduct_tag&post=383"}],"curies":[{"name":"wp","href":"https:\/\/api.w.org\/{rel}","templated":true}]}}