{"id":378,"date":"2026-03-18T13:25:13","date_gmt":"2026-03-18T12:25:13","guid":{"rendered":"https:\/\/amicale.ch-perrens.fr\/?post_type=product&#038;p=378"},"modified":"2026-03-18T13:25:14","modified_gmt":"2026-03-18T12:25:14","slug":"controle-technique","status":"publish","type":"product","link":"https:\/\/amicale.ch-perrens.fr\/?product=controle-technique","title":{"rendered":"Contr\u00f4le Technique"},"content":{"rendered":"<p><img loading=\"lazy\" decoding=\"async\" class=\"alignnone size-medium wp-image-376\" src=\"https:\/\/amicale.ch-perrens.fr\/wp-content\/uploads\/2026\/03\/CT-Bdx-200x300.jpg\" alt=\"\" width=\"200\" height=\"300\" srcset=\"https:\/\/amicale.ch-perrens.fr\/wp-content\/uploads\/2026\/03\/CT-Bdx-200x300.jpg 200w, https:\/\/amicale.ch-perrens.fr\/wp-content\/uploads\/2026\/03\/CT-Bdx-683x1024.jpg 683w, https:\/\/amicale.ch-perrens.fr\/wp-content\/uploads\/2026\/03\/CT-Bdx-768x1152.jpg 768w, https:\/\/amicale.ch-perrens.fr\/wp-content\/uploads\/2026\/03\/CT-Bdx-416x624.jpg 416w, https:\/\/amicale.ch-perrens.fr\/wp-content\/uploads\/2026\/03\/CT-Bdx.jpg 1024w\" sizes=\"auto, (max-width: 200px) 100vw, 200px\" \/> <img loading=\"lazy\" decoding=\"async\" class=\"alignnone size-medium wp-image-377\" src=\"https:\/\/amicale.ch-perrens.fr\/wp-content\/uploads\/2026\/03\/CT-StMedardenJalles-200x300.jpg\" alt=\"\" width=\"200\" height=\"300\" srcset=\"https:\/\/amicale.ch-perrens.fr\/wp-content\/uploads\/2026\/03\/CT-StMedardenJalles-200x300.jpg 200w, https:\/\/amicale.ch-perrens.fr\/wp-content\/uploads\/2026\/03\/CT-StMedardenJalles-683x1024.jpg 683w, https:\/\/amicale.ch-perrens.fr\/wp-content\/uploads\/2026\/03\/CT-StMedardenJalles-768x1152.jpg 768w, https:\/\/amicale.ch-perrens.fr\/wp-content\/uploads\/2026\/03\/CT-StMedardenJalles-416x624.jpg 416w, https:\/\/amicale.ch-perrens.fr\/wp-content\/uploads\/2026\/03\/CT-StMedardenJalles.jpg 1024w\" sizes=\"auto, (max-width: 200px) 100vw, 200px\" \/><\/p>\n","protected":false},"excerpt":{"rendered":"<div class=\"x_elementToProof\" data-ogsc=\"rgb(0, 0, 0)\" data-olk-copy-source=\"MessageBody\">L&rsquo;amicale vous propose un partenariat avec AUTOSECURITE pour vos contr\u00f4les techniques auto au tarif de <strong>55\u20ac<\/strong> sur les Centres de contr\u00f4le <strong>AS Saint-M\u00e9dard-en-Jalles <\/strong>et <strong>Bordeaux LAC<\/strong>.<\/div>\n<div class=\"x_elementToProof\" data-ogsc=\"rgb(0, 0, 0)\">Sur pr\u00e9sentation de votre badge pro la r\u00e9duction se fera au moment du r\u00e8glement.<\/div>\n<div data-ogsc=\"rgb(0, 0, 0)\"><\/div>\n<div class=\"x_elementToProof\" data-ogsc=\"rgb(0, 0, 0)\"><em>Aucun autre justificatif ne sera accept\u00e9<\/em><\/div>\n","protected":false},"featured_media":376,"template":"","meta":[],"product_brand":[],"product_cat":[31,34],"product_tag":[],"class_list":{"0":"post-378","1":"product","2":"type-product","3":"status-publish","4":"has-post-thumbnail","6":"product_cat-partenariats","7":"product_cat-quot","9":"first","10":"instock","11":"shipping-taxable","12":"product-type-simple"},"_links":{"self":[{"href":"https:\/\/amicale.ch-perrens.fr\/index.php?rest_route=\/wp\/v2\/product\/378","targetHints":{"allow":["GET"]}}],"collection":[{"href":"https:\/\/amicale.ch-perrens.fr\/index.php?rest_route=\/wp\/v2\/product"}],"about":[{"href":"https:\/\/amicale.ch-perrens.fr\/index.php?rest_route=\/wp\/v2\/types\/product"}],"wp:featuredmedia":[{"embeddable":true,"href":"https:\/\/amicale.ch-perrens.fr\/index.php?rest_route=\/wp\/v2\/media\/376"}],"wp:attachment":[{"href":"https:\/\/amicale.ch-perrens.fr\/index.php?rest_route=%2Fwp%2Fv2%2Fmedia&parent=378"}],"wp:term":[{"taxonomy":"product_brand","embeddable":true,"href":"https:\/\/amicale.ch-perrens.fr\/index.php?rest_route=%2Fwp%2Fv2%2Fproduct_brand&post=378"},{"taxonomy":"product_cat","embeddable":true,"href":"https:\/\/amicale.ch-perrens.fr\/index.php?rest_route=%2Fwp%2Fv2%2Fproduct_cat&post=378"},{"taxonomy":"product_tag","embeddable":true,"href":"https:\/\/amicale.ch-perrens.fr\/index.php?rest_route=%2Fwp%2Fv2%2Fproduct_tag&post=378"}],"curies":[{"name":"wp","href":"https:\/\/api.w.org\/{rel}","templated":true}]}}