{"id":339,"date":"2025-03-04T11:20:49","date_gmt":"2025-03-04T10:20:49","guid":{"rendered":"https:\/\/amicale.ch-perrens.fr\/?post_type=product&#038;p=339"},"modified":"2025-03-04T11:24:59","modified_gmt":"2025-03-04T10:24:59","slug":"6-mobil-home-a-louer","status":"publish","type":"product","link":"https:\/\/amicale.ch-perrens.fr\/?product=6-mobil-home-a-louer","title":{"rendered":"6 Mobil-Home \u00e0 louer"},"content":{"rendered":"","protected":false},"excerpt":{"rendered":"<p>6 Mobil-Home \u00e0 louer dans 2 campings diff\u00e9rents :<\/p>\n<ul>\n<li>Port la Nouvelle (11) Camping Novela 3*<\/li>\n<li>Saint Cyprien (66) Camping Le Bosc 4*<\/li>\n<\/ul>\n<p>Vous trouverez tous les d\u00e9tails de ces locations dans les PDF ci-dessous :<br \/>\n<a href=\"https:\/\/amicale.ch-perrens.fr\/wp-content\/uploads\/2025\/03\/SIR-AMICALE01061501320.pdf\">Annonce Mobil-Home.pdf<\/a><br \/>\n<span style=\"color: #0000ff;\"><a style=\"color: #0000ff;\" href=\"https:\/\/amicale.ch-perrens.fr\/wp-content\/uploads\/2025\/03\/SIR-AMICALE01061501321.pdf\">Tarif Mobil-Home<\/a>.pdf<\/span><\/p>\n","protected":false},"featured_media":340,"template":"","meta":[],"product_brand":[],"product_cat":[32],"product_tag":[],"class_list":{"0":"post-339","1":"product","2":"type-product","3":"status-publish","4":"has-post-thumbnail","6":"product_cat-petites-annonces","8":"first","9":"instock","10":"shipping-taxable","11":"product-type-simple"},"_links":{"self":[{"href":"https:\/\/amicale.ch-perrens.fr\/index.php?rest_route=\/wp\/v2\/product\/339","targetHints":{"allow":["GET"]}}],"collection":[{"href":"https:\/\/amicale.ch-perrens.fr\/index.php?rest_route=\/wp\/v2\/product"}],"about":[{"href":"https:\/\/amicale.ch-perrens.fr\/index.php?rest_route=\/wp\/v2\/types\/product"}],"wp:featuredmedia":[{"embeddable":true,"href":"https:\/\/amicale.ch-perrens.fr\/index.php?rest_route=\/wp\/v2\/media\/340"}],"wp:attachment":[{"href":"https:\/\/amicale.ch-perrens.fr\/index.php?rest_route=%2Fwp%2Fv2%2Fmedia&parent=339"}],"wp:term":[{"taxonomy":"product_brand","embeddable":true,"href":"https:\/\/amicale.ch-perrens.fr\/index.php?rest_route=%2Fwp%2Fv2%2Fproduct_brand&post=339"},{"taxonomy":"product_cat","embeddable":true,"href":"https:\/\/amicale.ch-perrens.fr\/index.php?rest_route=%2Fwp%2Fv2%2Fproduct_cat&post=339"},{"taxonomy":"product_tag","embeddable":true,"href":"https:\/\/amicale.ch-perrens.fr\/index.php?rest_route=%2Fwp%2Fv2%2Fproduct_tag&post=339"}],"curies":[{"name":"wp","href":"https:\/\/api.w.org\/{rel}","templated":true}]}}