{"id":311,"date":"2024-05-03T15:40:18","date_gmt":"2024-05-03T13:40:18","guid":{"rendered":"https:\/\/amicale.ch-perrens.fr\/?post_type=product&#038;p=311"},"modified":"2024-05-03T15:49:35","modified_gmt":"2024-05-03T13:49:35","slug":"toog","status":"publish","type":"product","link":"https:\/\/amicale.ch-perrens.fr\/?product=toog","title":{"rendered":"TOOG"},"content":{"rendered":"","protected":false},"excerpt":{"rendered":"<p>TOOG \u00e0 pour mission de faire d\u00e9couvrir de nouvelles activit\u00e9s et de les rendre accessibles m\u00eame avec un petit budget pour des moments inoubliables entre amis ou en famille.<br \/>\nCes activit\u00e9s sont en moyenne \u00e0 -40%<\/p>\n<p>Exemple :<\/p>\n<ul>\n<li>AQUALAND<\/li>\n<li>WALIGATOR<\/li>\n<li>YOUPIPARC<\/li>\n<li>SQUARE GYM<\/li>\n<li>LE FIVE<\/li>\n<li>4PADEL<\/li>\n<li>ESCAPE HUNT<\/li>\n<li>CITE DU VIN (16\u20ac)<\/li>\n<li>KARTING<\/li>\n<li>MUSEE DE L&rsquo;HISTOIRE MARITIME<\/li>\n<li>&#8230;<\/li>\n<\/ul>\n","protected":false},"featured_media":312,"template":"","meta":[],"product_brand":[],"product_cat":[35],"product_tag":[],"class_list":{"0":"post-311","1":"product","2":"type-product","3":"status-publish","4":"has-post-thumbnail","6":"product_cat-sport-et-loisir","8":"first","9":"instock","10":"shipping-taxable","11":"product-type-simple"},"_links":{"self":[{"href":"https:\/\/amicale.ch-perrens.fr\/index.php?rest_route=\/wp\/v2\/product\/311","targetHints":{"allow":["GET"]}}],"collection":[{"href":"https:\/\/amicale.ch-perrens.fr\/index.php?rest_route=\/wp\/v2\/product"}],"about":[{"href":"https:\/\/amicale.ch-perrens.fr\/index.php?rest_route=\/wp\/v2\/types\/product"}],"wp:featuredmedia":[{"embeddable":true,"href":"https:\/\/amicale.ch-perrens.fr\/index.php?rest_route=\/wp\/v2\/media\/312"}],"wp:attachment":[{"href":"https:\/\/amicale.ch-perrens.fr\/index.php?rest_route=%2Fwp%2Fv2%2Fmedia&parent=311"}],"wp:term":[{"taxonomy":"product_brand","embeddable":true,"href":"https:\/\/amicale.ch-perrens.fr\/index.php?rest_route=%2Fwp%2Fv2%2Fproduct_brand&post=311"},{"taxonomy":"product_cat","embeddable":true,"href":"https:\/\/amicale.ch-perrens.fr\/index.php?rest_route=%2Fwp%2Fv2%2Fproduct_cat&post=311"},{"taxonomy":"product_tag","embeddable":true,"href":"https:\/\/amicale.ch-perrens.fr\/index.php?rest_route=%2Fwp%2Fv2%2Fproduct_tag&post=311"}],"curies":[{"name":"wp","href":"https:\/\/api.w.org\/{rel}","templated":true}]}}