{"id":307,"date":"2024-05-03T15:29:22","date_gmt":"2024-05-03T13:29:22","guid":{"rendered":"https:\/\/amicale.ch-perrens.fr\/?post_type=product&#038;p=307"},"modified":"2024-05-03T15:31:39","modified_gmt":"2024-05-03T13:31:39","slug":"kinougarde","status":"publish","type":"product","link":"https:\/\/amicale.ch-perrens.fr\/?product=kinougarde","title":{"rendered":"Kinougarde"},"content":{"rendered":"<p><img loading=\"lazy\" decoding=\"async\" class=\"alignnone size-medium wp-image-308\" src=\"https:\/\/amicale.ch-perrens.fr\/wp-content\/uploads\/2024\/05\/kinougarde-300x209.jpg\" alt=\"\" width=\"300\" height=\"209\" srcset=\"https:\/\/amicale.ch-perrens.fr\/wp-content\/uploads\/2024\/05\/kinougarde-300x209.jpg 300w, https:\/\/amicale.ch-perrens.fr\/wp-content\/uploads\/2024\/05\/kinougarde-416x289.jpg 416w, https:\/\/amicale.ch-perrens.fr\/wp-content\/uploads\/2024\/05\/kinougarde.jpg 605w\" sizes=\"auto, (max-width: 300px) 100vw, 300px\" \/><\/p>\n","protected":false},"excerpt":{"rendered":"<p>Gr\u00e2ce \u00e0 notre partenariat avec l&rsquo;AMICALE\/CONCIERGERIE CH CHARLES PERRENS, vous b\u00e9n\u00e9ficiez de nombreux avantages :<\/p>\n<p>&#8211; Cotisation OFFERTE au lieu de 96\u20ac<br \/>\n&#8211; Votre nounou est recrut\u00e9e et suivie par des pros<br \/>\n&#8211; Rencontrez votre nounou avant de dire oui<br \/>\n&#8211; Kinougarde est l\u2019employeur qui s\u2019occupe de tout<\/p>\n<p>Une garde d\u2019enfants accessible \u00e0 tous !<\/p>\n<p>&#8211; CESU pr\u00e9financ\u00e9 accept\u00e9<br \/>\n&#8211; Aides CAF\/MSA et 50% de cr\u00e9dit d\u2019imp\u00f4t<br \/>\nVotre dernier enfant a plus de 6 ans ? Bonne nouvelle, votre cr\u00e9dit d\u2019imp\u00f4t de 50 % est d\u00e9duit en temps r\u00e9el lors du paiement de votre facture \u00e0 Kinougarde.<\/p>\n<p>Besoin d\u2019une nounou ? Rendez-vous sur votre site partenariat :<br \/>\n<a href=\"https:\/\/www.kinougarde.com\/amicale-conciergerie-chperrens\" target=\"_blank\" rel=\"noopener\">CLIQUEZ-ICI<\/a><\/p>\n","protected":false},"featured_media":308,"template":"","meta":[],"product_brand":[],"product_cat":[34],"product_tag":[],"class_list":{"0":"post-307","1":"product","2":"type-product","3":"status-publish","4":"has-post-thumbnail","6":"product_cat-quot","8":"first","9":"instock","10":"shipping-taxable","11":"product-type-simple"},"_links":{"self":[{"href":"https:\/\/amicale.ch-perrens.fr\/index.php?rest_route=\/wp\/v2\/product\/307","targetHints":{"allow":["GET"]}}],"collection":[{"href":"https:\/\/amicale.ch-perrens.fr\/index.php?rest_route=\/wp\/v2\/product"}],"about":[{"href":"https:\/\/amicale.ch-perrens.fr\/index.php?rest_route=\/wp\/v2\/types\/product"}],"wp:featuredmedia":[{"embeddable":true,"href":"https:\/\/amicale.ch-perrens.fr\/index.php?rest_route=\/wp\/v2\/media\/308"}],"wp:attachment":[{"href":"https:\/\/amicale.ch-perrens.fr\/index.php?rest_route=%2Fwp%2Fv2%2Fmedia&parent=307"}],"wp:term":[{"taxonomy":"product_brand","embeddable":true,"href":"https:\/\/amicale.ch-perrens.fr\/index.php?rest_route=%2Fwp%2Fv2%2Fproduct_brand&post=307"},{"taxonomy":"product_cat","embeddable":true,"href":"https:\/\/amicale.ch-perrens.fr\/index.php?rest_route=%2Fwp%2Fv2%2Fproduct_cat&post=307"},{"taxonomy":"product_tag","embeddable":true,"href":"https:\/\/amicale.ch-perrens.fr\/index.php?rest_route=%2Fwp%2Fv2%2Fproduct_tag&post=307"}],"curies":[{"name":"wp","href":"https:\/\/api.w.org\/{rel}","templated":true}]}}