{"id":263,"date":"2022-11-28T09:37:00","date_gmt":"2022-11-28T08:37:00","guid":{"rendered":"https:\/\/amicale.ch-perrens.fr\/?post_type=product&#038;p=263"},"modified":"2023-10-06T14:17:47","modified_gmt":"2023-10-06T12:17:47","slug":"credit-social-des-fonctionnaires","status":"publish","type":"product","link":"https:\/\/amicale.ch-perrens.fr\/?product=credit-social-des-fonctionnaires","title":{"rendered":"Cr\u00e9dit Social des fonctionnaires"},"content":{"rendered":"","protected":false},"excerpt":{"rendered":"<p><strong><a href=\"https:\/\/amicale.ch-perrens.fr\/wp-content\/uploads\/2022\/11\/GPA-CSF-Livret-blanc-12P-0923.pdf\">PDF : CSF &#8211; Livret blanc du futur propri\u00e9taire !<\/a><\/strong><em><a href=\"https:\/\/amicale.ch-perrens.fr\/wp-content\/uploads\/2022\/11\/GPA-CSF-Livret-blanc-12P-0923.pdf\">(cliquez ici)<\/a><\/em><\/p>\n<p><strong>Le Cr\u00e9dit Social des Fonctionnaires, partenaire de votre amicale,<\/strong> vous <u>accompagne sur la totalit\u00e9 des financements et des assurances n\u00e9cessaires pour :<\/u><\/p>\n<ul>\n<li>Financer un projet immobilier<\/li>\n<li>Financer des travaux<\/li>\n<li>Financer des biens (Auto, biens de consommation)<\/li>\n<li>Regrouper des pr\u00eats en cours pour all\u00e9ger les mensualit\u00e9s<\/li>\n<\/ul>\n<p>La Convention de Partenariat vous donne \u00e9galement acc\u00e8s au <strong>PRET AVANTAGE PARTENAIRE<\/strong> : Pr\u00eat personnel d\u2019un montant de 2 000 \u20ac remboursable sur 24 mois \u00e0 1%.<\/p>\n<p><strong>Pour plus d\u2019informations sur les avantages du partenariat, cliquez-ici\u00a0:<\/strong> <a href=\"https:\/\/fra01.safelinks.protection.outlook.com\/?url=https%3A%2F%2Fwww.csf.fr%2Fjcms%2Fpro2_82758%2Fadp-charles-perrens&amp;data=05%7C01%7Ctbarat%40ch-perrens.fr%7Cf8c67dd5dcb54a5d936d08dacdf8b619%7Cc30f02e6473a4ee28ad1f28a7cbaf6d1%7C0%7C0%7C638048765338373671%7CUnknown%7CTWFpbGZsb3d8eyJWIjoiMC4wLjAwMDAiLCJQIjoiV2luMzIiLCJBTiI6Ik1haWwiLCJXVCI6Mn0%3D%7C3000%7C%7C%7C&amp;sdata=i7P04YE%2FcmQfakkce%2FoJPeHiZcB%2FrTGicLVo2aKe%2B0Y%3D&amp;reserved=0\">https:\/\/www.csf.fr\/jcms\/pro2_82758\/adp-charles-perrens<\/a><\/p>\n<p><strong><u>Pour prendre un rendez-vous, contactez\u00a0: <\/u><\/strong>Christophe CHABERT &#8211; 06 87 70 75 03 \u2013 <a href=\"mailto:chabert@csf.fr\">chabert@csf.fr<\/a>\u00a0\u00bb<\/p>\n","protected":false},"featured_media":261,"template":"","meta":[],"product_brand":[],"product_cat":[47],"product_tag":[],"class_list":{"0":"post-263","1":"product","2":"type-product","3":"status-publish","4":"has-post-thumbnail","6":"product_cat-banque-assurance","8":"first","9":"instock","10":"shipping-taxable","11":"product-type-simple"},"_links":{"self":[{"href":"https:\/\/amicale.ch-perrens.fr\/index.php?rest_route=\/wp\/v2\/product\/263","targetHints":{"allow":["GET"]}}],"collection":[{"href":"https:\/\/amicale.ch-perrens.fr\/index.php?rest_route=\/wp\/v2\/product"}],"about":[{"href":"https:\/\/amicale.ch-perrens.fr\/index.php?rest_route=\/wp\/v2\/types\/product"}],"wp:featuredmedia":[{"embeddable":true,"href":"https:\/\/amicale.ch-perrens.fr\/index.php?rest_route=\/wp\/v2\/media\/261"}],"wp:attachment":[{"href":"https:\/\/amicale.ch-perrens.fr\/index.php?rest_route=%2Fwp%2Fv2%2Fmedia&parent=263"}],"wp:term":[{"taxonomy":"product_brand","embeddable":true,"href":"https:\/\/amicale.ch-perrens.fr\/index.php?rest_route=%2Fwp%2Fv2%2Fproduct_brand&post=263"},{"taxonomy":"product_cat","embeddable":true,"href":"https:\/\/amicale.ch-perrens.fr\/index.php?rest_route=%2Fwp%2Fv2%2Fproduct_cat&post=263"},{"taxonomy":"product_tag","embeddable":true,"href":"https:\/\/amicale.ch-perrens.fr\/index.php?rest_route=%2Fwp%2Fv2%2Fproduct_tag&post=263"}],"curies":[{"name":"wp","href":"https:\/\/api.w.org\/{rel}","templated":true}]}}