{"id":229,"date":"2021-10-27T14:40:53","date_gmt":"2021-10-27T12:40:53","guid":{"rendered":"https:\/\/amicale.ch-perrens.fr\/?post_type=product&#038;p=229"},"modified":"2025-03-04T13:21:40","modified_gmt":"2025-03-04T12:21:40","slug":"chocolats-jeff-de-bruges","status":"publish","type":"product","link":"https:\/\/amicale.ch-perrens.fr\/?product=chocolats-jeff-de-bruges","title":{"rendered":"Chocolats Jeff de Bruges"},"content":{"rendered":"","protected":false},"excerpt":{"rendered":"<p>Passez vos commandes pour <strong>P\u00e2ques<\/strong> et les <strong>f\u00eates de fin d&rsquo;ann\u00e9es<\/strong> par mail \u00e0 l&rsquo;adresse : <strong>amicale@ch-perrens.fr<\/strong><\/p>\n<p>&nbsp;<\/p>\n<p>Rendez-vous dans les boutiques Jeff de Bruges de Pessac Bersol &amp; Leclerc Saint-Eulalie vous b\u00e9n\u00e9ficiez de <strong>remise sur pr\u00e9sentation de votre carte de l&rsquo;amicale toute l&rsquo;ann\u00e9e !<br \/>\n<\/strong><\/p>\n<p>&nbsp;<\/p>\n","protected":false},"featured_media":230,"template":"","meta":[],"product_brand":[],"product_cat":[48,42],"product_tag":[],"class_list":{"0":"post-229","1":"product","2":"type-product","3":"status-publish","4":"has-post-thumbnail","6":"product_cat-alim-partenariats","7":"product_cat-alim","9":"first","10":"instock","11":"shipping-taxable","12":"product-type-simple"},"_links":{"self":[{"href":"https:\/\/amicale.ch-perrens.fr\/index.php?rest_route=\/wp\/v2\/product\/229","targetHints":{"allow":["GET"]}}],"collection":[{"href":"https:\/\/amicale.ch-perrens.fr\/index.php?rest_route=\/wp\/v2\/product"}],"about":[{"href":"https:\/\/amicale.ch-perrens.fr\/index.php?rest_route=\/wp\/v2\/types\/product"}],"wp:featuredmedia":[{"embeddable":true,"href":"https:\/\/amicale.ch-perrens.fr\/index.php?rest_route=\/wp\/v2\/media\/230"}],"wp:attachment":[{"href":"https:\/\/amicale.ch-perrens.fr\/index.php?rest_route=%2Fwp%2Fv2%2Fmedia&parent=229"}],"wp:term":[{"taxonomy":"product_brand","embeddable":true,"href":"https:\/\/amicale.ch-perrens.fr\/index.php?rest_route=%2Fwp%2Fv2%2Fproduct_brand&post=229"},{"taxonomy":"product_cat","embeddable":true,"href":"https:\/\/amicale.ch-perrens.fr\/index.php?rest_route=%2Fwp%2Fv2%2Fproduct_cat&post=229"},{"taxonomy":"product_tag","embeddable":true,"href":"https:\/\/amicale.ch-perrens.fr\/index.php?rest_route=%2Fwp%2Fv2%2Fproduct_tag&post=229"}],"curies":[{"name":"wp","href":"https:\/\/api.w.org\/{rel}","templated":true}]}}