{"id":187,"date":"2021-02-16T15:05:35","date_gmt":"2021-02-16T14:05:35","guid":{"rendered":"https:\/\/amicale.ch-perrens.fr\/?post_type=product&#038;p=187"},"modified":"2022-10-31T11:31:47","modified_gmt":"2022-10-31T10:31:47","slug":"fruits-legumes","status":"publish","type":"product","link":"https:\/\/amicale.ch-perrens.fr\/?product=fruits-legumes","title":{"rendered":"Fruits &#038; L\u00e9gumes"},"content":{"rendered":"","protected":false},"excerpt":{"rendered":"<p>&nbsp;<\/p>\n<p>Le panier BIO \u00e0 22 \u20ac \u2013 5\/6kg \u2013 agr\u00e9ment Qualisud n\u00b0FR-Bio-16<br \/>\nLe Panier de L\u00e9gumes \u00e0 13,50 \u20ac \u2013 6\/7 kg<br \/>\nLe Panier Mixte \u00e0 17 \u20ac \u2013 8\/9 kg<br \/>\nLe Panier de Fruits \u00e0 13,50 \u20ac \u2013 3\/4kg<br \/>\nLe Petit Panier Mixte \u00e0 11 \u20ac \u2013 4\/5kg<\/p>\n<p>&nbsp;<\/p>\n<p><em>Les poids affich\u00e9s des articles sont donn\u00e9s \u00e0 titre indicatif. Il est en effet difficile, selon les articles, de s\u2019approcher exactement du poids mentionn\u00e9 (sauf oubli de pr\u00e9paration) qui peut \u00eatre sup\u00e9rieur ou exceptionnellement inf\u00e9rieur au poids (limite autoris\u00e9e : -10%). Merci de votre compr\u00e9hension<\/em><\/p>\n","protected":false},"featured_media":184,"template":"","meta":[],"product_brand":[],"product_cat":[42],"product_tag":[],"class_list":{"0":"post-187","1":"product","2":"type-product","3":"status-publish","4":"has-post-thumbnail","6":"product_cat-alim","8":"first","9":"instock","10":"shipping-taxable","11":"product-type-simple"},"_links":{"self":[{"href":"https:\/\/amicale.ch-perrens.fr\/index.php?rest_route=\/wp\/v2\/product\/187","targetHints":{"allow":["GET"]}}],"collection":[{"href":"https:\/\/amicale.ch-perrens.fr\/index.php?rest_route=\/wp\/v2\/product"}],"about":[{"href":"https:\/\/amicale.ch-perrens.fr\/index.php?rest_route=\/wp\/v2\/types\/product"}],"wp:featuredmedia":[{"embeddable":true,"href":"https:\/\/amicale.ch-perrens.fr\/index.php?rest_route=\/wp\/v2\/media\/184"}],"wp:attachment":[{"href":"https:\/\/amicale.ch-perrens.fr\/index.php?rest_route=%2Fwp%2Fv2%2Fmedia&parent=187"}],"wp:term":[{"taxonomy":"product_brand","embeddable":true,"href":"https:\/\/amicale.ch-perrens.fr\/index.php?rest_route=%2Fwp%2Fv2%2Fproduct_brand&post=187"},{"taxonomy":"product_cat","embeddable":true,"href":"https:\/\/amicale.ch-perrens.fr\/index.php?rest_route=%2Fwp%2Fv2%2Fproduct_cat&post=187"},{"taxonomy":"product_tag","embeddable":true,"href":"https:\/\/amicale.ch-perrens.fr\/index.php?rest_route=%2Fwp%2Fv2%2Fproduct_tag&post=187"}],"curies":[{"name":"wp","href":"https:\/\/api.w.org\/{rel}","templated":true}]}}