{"id":105,"date":"2019-11-28T18:18:23","date_gmt":"2019-11-28T17:18:23","guid":{"rendered":"https:\/\/amicale.ch-perrens.fr\/?post_type=product&#038;p=105"},"modified":"2025-03-04T14:49:21","modified_gmt":"2025-03-04T13:49:21","slug":"caliceo","status":"publish","type":"product","link":"https:\/\/amicale.ch-perrens.fr\/?product=caliceo","title":{"rendered":"Calic\u00e9o"},"content":{"rendered":"","protected":false},"excerpt":{"rendered":"<p>Entr\u00e9e de 2 heures cons\u00e9cutives \u00e0 Calic\u00e9o Bruges : 17,40\u20ac<\/p>\n<p>Pass 5 heures ou 10 heures ou 20 heures : Prix sur demande<\/p>\n<p>S\u00e9ance Aquaform et\/ou Aquabike : Prix sur demande<\/p>\n","protected":false},"featured_media":224,"template":"","meta":[],"product_brand":[],"product_cat":[35],"product_tag":[],"class_list":{"0":"post-105","1":"product","2":"type-product","3":"status-publish","4":"has-post-thumbnail","6":"product_cat-sport-et-loisir","8":"first","9":"instock","10":"shipping-taxable","11":"purchasable","12":"product-type-simple"},"_links":{"self":[{"href":"https:\/\/amicale.ch-perrens.fr\/index.php?rest_route=\/wp\/v2\/product\/105","targetHints":{"allow":["GET"]}}],"collection":[{"href":"https:\/\/amicale.ch-perrens.fr\/index.php?rest_route=\/wp\/v2\/product"}],"about":[{"href":"https:\/\/amicale.ch-perrens.fr\/index.php?rest_route=\/wp\/v2\/types\/product"}],"wp:featuredmedia":[{"embeddable":true,"href":"https:\/\/amicale.ch-perrens.fr\/index.php?rest_route=\/wp\/v2\/media\/224"}],"wp:attachment":[{"href":"https:\/\/amicale.ch-perrens.fr\/index.php?rest_route=%2Fwp%2Fv2%2Fmedia&parent=105"}],"wp:term":[{"taxonomy":"product_brand","embeddable":true,"href":"https:\/\/amicale.ch-perrens.fr\/index.php?rest_route=%2Fwp%2Fv2%2Fproduct_brand&post=105"},{"taxonomy":"product_cat","embeddable":true,"href":"https:\/\/amicale.ch-perrens.fr\/index.php?rest_route=%2Fwp%2Fv2%2Fproduct_cat&post=105"},{"taxonomy":"product_tag","embeddable":true,"href":"https:\/\/amicale.ch-perrens.fr\/index.php?rest_route=%2Fwp%2Fv2%2Fproduct_tag&post=105"}],"curies":[{"name":"wp","href":"https:\/\/api.w.org\/{rel}","templated":true}]}}