{"id":21,"date":"2019-10-24T18:07:18","date_gmt":"2019-10-24T16:07:18","guid":{"rendered":"http:\/\/amicale.ch-perrens.fr\/?page_id=21"},"modified":"2025-03-04T11:27:15","modified_gmt":"2025-03-04T10:27:15","slug":"accueil","status":"publish","type":"page","link":"https:\/\/amicale.ch-perrens.fr\/","title":{"rendered":"Accueil"},"content":{"rendered":"\n<p>Vous vous trouvez sur le site Internet de l\u2019<strong>Amicale du Personnel<\/strong>&nbsp;du&nbsp;<em>Centre Hospitalier Charles Perrens<\/em>.<\/p>\n\n\n\n<p>Celui-ci a pour but de vous pr\u00e9senter le large \u00e9ventail de produits en vente ou en commande \u00e0 des tarifs pr\u00e9f\u00e9rentiels, de faciliter votre mise en relation avec les nombreux partenaires et de vous informer des dates de passages des exposants.<\/p>\n\n\n\n<p>L\u2019Amicale du Personnel est une association et une adh\u00e9sion est n\u00e9cessaire afin de b\u00e9n\u00e9ficier des avantages qu\u2019elle propose.<\/p>\n\n\n\n<p>La cotisation annuelle est de&nbsp;<strong>9,50\u20ac<\/strong>&nbsp;pour les agents en service, quelque soit leur grade ou leur fonction. Elle est gratuite pour les agents \u00e0 la retraite et pour les \u00e9tudiants de l\u2019IFSI.<\/p>\n\n\n\n<p>Les locaux de l\u2019Amicale\/Conciergerie sont ouverts <strong>tous les jours de 9h \u00e0 15h<\/strong>.<\/p>\n\n\n\n<p>Bonne visite.<\/p>\n\n\n\n<p class=\"has-text-align-right\">L\u2019Amicale.<\/p>\n","protected":false},"excerpt":{"rendered":"<p>Vous vous trouvez sur le site Internet de l\u2019Amicale du Personnel&nbsp;du&nbsp;Centre Hospitalier Charles Perrens. Celui-ci a pour but de vous pr\u00e9senter le large \u00e9ventail de produits en vente ou en [&hellip;]<\/p>\n","protected":false},"author":1,"featured_media":174,"parent":0,"menu_order":0,"comment_status":"closed","ping_status":"closed","template":"","meta":{"footnotes":""},"class_list":["post-21","page","type-page","status-publish","has-post-thumbnail","hentry"],"_links":{"self":[{"href":"https:\/\/amicale.ch-perrens.fr\/index.php?rest_route=\/wp\/v2\/pages\/21","targetHints":{"allow":["GET"]}}],"collection":[{"href":"https:\/\/amicale.ch-perrens.fr\/index.php?rest_route=\/wp\/v2\/pages"}],"about":[{"href":"https:\/\/amicale.ch-perrens.fr\/index.php?rest_route=\/wp\/v2\/types\/page"}],"author":[{"embeddable":true,"href":"https:\/\/amicale.ch-perrens.fr\/index.php?rest_route=\/wp\/v2\/users\/1"}],"replies":[{"embeddable":true,"href":"https:\/\/amicale.ch-perrens.fr\/index.php?rest_route=%2Fwp%2Fv2%2Fcomments&post=21"}],"version-history":[{"count":6,"href":"https:\/\/amicale.ch-perrens.fr\/index.php?rest_route=\/wp\/v2\/pages\/21\/revisions"}],"predecessor-version":[{"id":345,"href":"https:\/\/amicale.ch-perrens.fr\/index.php?rest_route=\/wp\/v2\/pages\/21\/revisions\/345"}],"wp:featuredmedia":[{"embeddable":true,"href":"https:\/\/amicale.ch-perrens.fr\/index.php?rest_route=\/wp\/v2\/media\/174"}],"wp:attachment":[{"href":"https:\/\/amicale.ch-perrens.fr\/index.php?rest_route=%2Fwp%2Fv2%2Fmedia&parent=21"}],"curies":[{"name":"wp","href":"https:\/\/api.w.org\/{rel}","templated":true}]}}